{"id":7691,"date":"2025-07-14T18:29:56","date_gmt":"2025-07-14T18:29:56","guid":{"rendered":"https:\/\/supplymax.net\/?page_id=7691"},"modified":"2025-07-22T22:33:40","modified_gmt":"2025-07-22T22:33:40","slug":"supplymax-de-panama","status":"publish","type":"page","link":"https:\/\/supplymax.net\/","title":{"rendered":"SupplyMax de Panama"},"content":{"rendered":"\t\t<div data-elementor-type=\"wp-page\" data-elementor-id=\"7691\" class=\"elementor elementor-7691\" data-elementor-post-type=\"page\">\n\t\t\t\t<div class=\"elementor-element elementor-element-9c915bf e-con-full elementor-hidden-tablet elementor-hidden-mobile e-flex e-con e-parent\" data-id=\"9c915bf\" data-element_type=\"container\">\n\t\t\t\t<div class=\"elementor-element elementor-element-2316411 elementor-widget__width-inherit elementor--h-position-center elementor--v-position-middle elementor-arrows-position-inside elementor-pagination-position-inside elementor-widget elementor-widget-slides\" data-id=\"2316411\" data-element_type=\"widget\" data-settings=\"{&quot;navigation&quot;:&quot;both&quot;,&quot;autoplay&quot;:&quot;yes&quot;,&quot;pause_on_hover&quot;:&quot;yes&quot;,&quot;pause_on_interaction&quot;:&quot;yes&quot;,&quot;autoplay_speed&quot;:5000,&quot;infinite&quot;:&quot;yes&quot;,&quot;transition&quot;:&quot;slide&quot;,&quot;transition_speed&quot;:500}\" data-widget_type=\"slides.default\">\n\t\t\t\t\t\t\t\t\t\t<div class=\"elementor-slides-wrapper elementor-main-swiper swiper\" role=\"region\" aria-roledescription=\"carousel\" aria-label=\"Slides\" dir=\"ltr\" data-animation=\"fadeInUp\">\n\t\t\t\t<div class=\"swiper-wrapper elementor-slides\">\n\t\t\t\t\t\t\t\t\t\t<div class=\"elementor-repeater-item-d92c622 swiper-slide\" role=\"group\" aria-roledescription=\"slide\"><div class=\"swiper-slide-bg\" role=\"img\"><\/div><div class=\"swiper-slide-inner\" ><div class=\"swiper-slide-contents\"><div class=\"elementor-slide-heading\">Soluciones de Higiene y Limpieza para tu\u00a0Negocio<\/div><div class=\"elementor-slide-description\">Creamos soluciones inteligentes de higiene que reducen costos, optimizan consumos y mejoran la experiencia\u00a0del\u00a0usuario.<\/div><\/div><\/div><\/div><div class=\"elementor-repeater-item-34d56ef swiper-slide\" role=\"group\" aria-roledescription=\"slide\"><div class=\"swiper-slide-bg\" role=\"img\"><\/div><div class=\"swiper-slide-inner\" ><div class=\"swiper-slide-contents\"><div class=\"elementor-slide-heading\">La servilleta perfecta para tu restaurante<\/div><div class=\"elementor-slide-description\">Dispensador \u2022 Cena \u2022 C\u00f3ctel \u2014 elige la que se adapta a tu estilo.<\/div><\/div><\/div><\/div><div class=\"elementor-repeater-item-a2f7391 swiper-slide\" role=\"group\" aria-roledescription=\"slide\"><div class=\"swiper-slide-bg\" role=\"img\"><\/div><div class=\"swiper-slide-inner\" ><div class=\"swiper-slide-contents\"><div class=\"elementor-slide-heading\">Sanitiza, desengrasa y ahorra con Diversey.<\/div><div class=\"elementor-slide-description\">Qu\u00edmicos de alto desempe\u00f1o para cada superficie y proceso.<\/div><\/div><\/div><\/div><div class=\"elementor-repeater-item-8d3a520 swiper-slide\" role=\"group\" aria-roledescription=\"slide\"><div class=\"swiper-slide-bg\" role=\"img\"><\/div><div class=\"swiper-slide-inner\" ><div class=\"swiper-slide-contents\"><div class=\"elementor-slide-heading\">Con Castor eliminas la Contaminaci\u00f3n Cruzada<\/div><div class=\"elementor-slide-description\">Implementa ya tu Sistema de C\u00f3digo de Color.<\/div><\/div><\/div><\/div>\t\t\t\t<\/div>\n\t\t\t\t\t\t\t\t\t\t\t\t\t\t\t<div class=\"elementor-swiper-button elementor-swiper-button-prev\" role=\"button\" tabindex=\"0\" aria-label=\"Previous slide\">\n\t\t\t\t\t\t\t<svg aria-hidden=\"true\" class=\"e-font-icon-svg e-eicon-chevron-left\" viewBox=\"0 0 1000 1000\" xmlns=\"http:\/\/www.w3.org\/2000\/svg\"><path d=\"M646 125C629 125 613 133 604 142L308 442C296 454 292 471 292 487 292 504 296 521 308 533L604 854C617 867 629 875 646 875 663 875 679 871 692 858 704 846 713 829 713 812 713 796 708 779 692 767L438 487 692 225C700 217 708 204 708 187 708 171 704 154 692 142 675 129 663 125 646 125Z\"><\/path><\/svg>\t\t\t\t\t\t<\/div>\n\t\t\t\t\t\t<div class=\"elementor-swiper-button elementor-swiper-button-next\" role=\"button\" tabindex=\"0\" aria-label=\"Next slide\">\n\t\t\t\t\t\t\t<svg aria-hidden=\"true\" class=\"e-font-icon-svg e-eicon-chevron-right\" viewBox=\"0 0 1000 1000\" xmlns=\"http:\/\/www.w3.org\/2000\/svg\"><path d=\"M696 533C708 521 713 504 713 487 713 471 708 454 696 446L400 146C388 133 375 125 354 125 338 125 325 129 313 142 300 154 292 171 292 187 292 204 296 221 308 233L563 492 304 771C292 783 288 800 288 817 288 833 296 850 308 863 321 871 338 875 354 875 371 875 388 867 400 854L696 533Z\"><\/path><\/svg>\t\t\t\t\t\t<\/div>\n\t\t\t\t\t\t\t\t\t\t\t\t\t\t\t\t<div class=\"swiper-pagination\"><\/div>\n\t\t\t\t\t\t\t\t\t\t\t\t<\/div>\n\t\t\t\t\t\t\t\t<\/div>\n\t\t\t\t<\/div>\n\t\t<div class=\"elementor-element elementor-element-2afb884 e-con-full elementor-hidden-desktop elementor-hidden-tablet e-flex e-con e-parent\" data-id=\"2afb884\" data-element_type=\"container\">\n\t\t\t\t<div class=\"elementor-element elementor-element-3fb6b91 elementor-widget__width-inherit elementor--h-position-center elementor--v-position-middle elementor-arrows-position-inside elementor-pagination-position-inside elementor-widget elementor-widget-slides\" data-id=\"3fb6b91\" data-element_type=\"widget\" data-settings=\"{&quot;navigation&quot;:&quot;both&quot;,&quot;autoplay&quot;:&quot;yes&quot;,&quot;pause_on_hover&quot;:&quot;yes&quot;,&quot;pause_on_interaction&quot;:&quot;yes&quot;,&quot;autoplay_speed&quot;:5000,&quot;infinite&quot;:&quot;yes&quot;,&quot;transition&quot;:&quot;slide&quot;,&quot;transition_speed&quot;:500}\" data-widget_type=\"slides.default\">\n\t\t\t\t\t\t\t\t\t\t<div class=\"elementor-slides-wrapper elementor-main-swiper swiper\" role=\"region\" aria-roledescription=\"carousel\" aria-label=\"Slides\" dir=\"ltr\" data-animation=\"fadeInUp\">\n\t\t\t\t<div class=\"swiper-wrapper elementor-slides\">\n\t\t\t\t\t\t\t\t\t\t<div class=\"elementor-repeater-item-d92c622 swiper-slide\" role=\"group\" aria-roledescription=\"slide\"><div class=\"swiper-slide-bg\" role=\"img\"><\/div><div class=\"swiper-slide-inner\" ><div class=\"swiper-slide-contents\"><div class=\"elementor-slide-heading\">Soluciones de Higiene y Limpieza para tu\u00a0Negocio<\/div><div class=\"elementor-slide-description\">Creamos soluciones inteligentes de higiene que reducen costos, optimizan consumos y mejoran la experiencia\u00a0del\u00a0usuario.<\/div><\/div><\/div><\/div><div class=\"elementor-repeater-item-34d56ef swiper-slide\" role=\"group\" aria-roledescription=\"slide\"><div class=\"swiper-slide-bg\" role=\"img\"><\/div><div class=\"swiper-slide-inner\" ><div class=\"swiper-slide-contents\"><div class=\"elementor-slide-heading\">La servilleta perfecta para tu restaurante<\/div><div class=\"elementor-slide-description\">Dispensador \u2022 Cena \u2022 C\u00f3ctel \u2014 elige la que se adapta a tu estilo.<\/div><\/div><\/div><\/div><div class=\"elementor-repeater-item-a2f7391 swiper-slide\" role=\"group\" aria-roledescription=\"slide\"><div class=\"swiper-slide-bg\" role=\"img\"><\/div><div class=\"swiper-slide-inner\" ><div class=\"swiper-slide-contents\"><div class=\"elementor-slide-heading\">Sanitiza, desengrasa y ahorra con Diversey.<\/div><div class=\"elementor-slide-description\">Qu\u00edmicos de alto desempe\u00f1o para cada superficie y proceso.<\/div><\/div><\/div><\/div><div class=\"elementor-repeater-item-8d3a520 swiper-slide\" role=\"group\" aria-roledescription=\"slide\"><div class=\"swiper-slide-bg\" role=\"img\"><\/div><div class=\"swiper-slide-inner\" ><div class=\"swiper-slide-contents\"><div class=\"elementor-slide-heading\">Con Castor eliminas la Contaminaci\u00f3n Cruzada<\/div><div class=\"elementor-slide-description\">Implementa ya tu Sistema de C\u00f3digo de Color.<\/div><\/div><\/div><\/div>\t\t\t\t<\/div>\n\t\t\t\t\t\t\t\t\t\t\t\t\t\t\t<div class=\"elementor-swiper-button elementor-swiper-button-prev\" role=\"button\" tabindex=\"0\" aria-label=\"Previous slide\">\n\t\t\t\t\t\t\t<svg aria-hidden=\"true\" class=\"e-font-icon-svg e-eicon-chevron-left\" viewBox=\"0 0 1000 1000\" xmlns=\"http:\/\/www.w3.org\/2000\/svg\"><path d=\"M646 125C629 125 613 133 604 142L308 442C296 454 292 471 292 487 292 504 296 521 308 533L604 854C617 867 629 875 646 875 663 875 679 871 692 858 704 846 713 829 713 812 713 796 708 779 692 767L438 487 692 225C700 217 708 204 708 187 708 171 704 154 692 142 675 129 663 125 646 125Z\"><\/path><\/svg>\t\t\t\t\t\t<\/div>\n\t\t\t\t\t\t<div class=\"elementor-swiper-button elementor-swiper-button-next\" role=\"button\" tabindex=\"0\" aria-label=\"Next slide\">\n\t\t\t\t\t\t\t<svg aria-hidden=\"true\" class=\"e-font-icon-svg e-eicon-chevron-right\" viewBox=\"0 0 1000 1000\" xmlns=\"http:\/\/www.w3.org\/2000\/svg\"><path d=\"M696 533C708 521 713 504 713 487 713 471 708 454 696 446L400 146C388 133 375 125 354 125 338 125 325 129 313 142 300 154 292 171 292 187 292 204 296 221 308 233L563 492 304 771C292 783 288 800 288 817 288 833 296 850 308 863 321 871 338 875 354 875 371 875 388 867 400 854L696 533Z\"><\/path><\/svg>\t\t\t\t\t\t<\/div>\n\t\t\t\t\t\t\t\t\t\t\t\t\t\t\t\t<div class=\"swiper-pagination\"><\/div>\n\t\t\t\t\t\t\t\t\t\t\t\t<\/div>\n\t\t\t\t\t\t\t\t<\/div>\n\t\t\t\t<\/div>\n\t\t<div class=\"elementor-element elementor-element-747f64d e-flex e-con-boxed e-con e-parent\" data-id=\"747f64d\" data-element_type=\"container\" data-settings=\"{&quot;background_background&quot;:&quot;classic&quot;}\">\n\t\t\t\t\t<div class=\"e-con-inner\">\n\t\t<div class=\"elementor-element elementor-element-cc677b0 e-con-full e-flex e-con e-child\" data-id=\"cc677b0\" data-element_type=\"container\">\n\t\t<div class=\"elementor-element elementor-element-2482993 e-con-full e-flex e-con e-child\" data-id=\"2482993\" data-element_type=\"container\">\n\t\t\t\t<div class=\"elementor-element elementor-element-ef2fb11 elementor-widget elementor-widget-spacer\" data-id=\"ef2fb11\" data-element_type=\"widget\" data-widget_type=\"spacer.default\">\n\t\t\t\t\t\t\t<div class=\"elementor-spacer\">\n\t\t\t<div class=\"elementor-spacer-inner\"><\/div>\n\t\t<\/div>\n\t\t\t\t\t\t<\/div>\n\t\t\t\t<div class=\"elementor-element elementor-element-1def36e elementor-widget elementor-widget-heading\" data-id=\"1def36e\" data-element_type=\"widget\" data-widget_type=\"heading.default\">\n\t\t\t\t\t<h2 class=\"elementor-heading-title elementor-size-default\">Calidad en Cada Hoja<\/h2>\t\t\t\t<\/div>\n\t\t\t\t<div class=\"elementor-element elementor-element-7d97718 elementor-widget elementor-widget-text-editor\" data-id=\"7d97718\" data-element_type=\"widget\" data-widget_type=\"text-editor.default\">\n\t\t\t\t\t\t\t\t\t<p>Desde el papel higi\u00e9nico ultra-suave hasta las servilletas m\u00e1s resistentes, nuestras l\u00edneas <strong data-start=\"156\" data-end=\"165\">Basic<\/strong>, <strong data-start=\"167\" data-end=\"174\">Pro<\/strong> y <strong data-start=\"177\" data-end=\"184\">Max<\/strong> cubren todas las necesidades de tu negocio con m\u00e1xima absorci\u00f3n, suavidad y un rendimiento que se traduce en ahorro real.<\/p>\t\t\t\t\t\t\t\t<\/div>\n\t\t\t\t<div class=\"elementor-element elementor-element-3274616 elementor-widget elementor-widget-spacer\" data-id=\"3274616\" data-element_type=\"widget\" data-widget_type=\"spacer.default\">\n\t\t\t\t\t\t\t<div class=\"elementor-spacer\">\n\t\t\t<div class=\"elementor-spacer-inner\"><\/div>\n\t\t<\/div>\n\t\t\t\t\t\t<\/div>\n\t\t\t\t<\/div>\n\t\t\t\t<\/div>\n\t\t\t\t\t<\/div>\n\t\t\t\t<\/div>\n\t\t<div class=\"elementor-element elementor-element-9e42a75 e-flex e-con-boxed e-con e-parent\" data-id=\"9e42a75\" data-element_type=\"container\" data-settings=\"{&quot;background_background&quot;:&quot;classic&quot;}\">\n\t\t\t\t\t<div class=\"e-con-inner\">\n\t\t<div class=\"elementor-element elementor-element-d0f518b e-con-full e-flex e-con e-child\" data-id=\"d0f518b\" data-element_type=\"container\">\n\t\t\t\t<div class=\"elementor-element elementor-element-67f6901 elementor-widget elementor-widget-spacer\" data-id=\"67f6901\" data-element_type=\"widget\" data-widget_type=\"spacer.default\">\n\t\t\t\t\t\t\t<div class=\"elementor-spacer\">\n\t\t\t<div class=\"elementor-spacer-inner\"><\/div>\n\t\t<\/div>\n\t\t\t\t\t\t<\/div>\n\t\t\t\t<\/div>\n\t\t<div class=\"elementor-element elementor-element-047d7e9 e-con-full e-flex e-con e-child\" data-id=\"047d7e9\" data-element_type=\"container\">\n\t\t\t\t<div class=\"elementor-element elementor-element-8da9d4b elementor-widget elementor-widget-spacer\" data-id=\"8da9d4b\" data-element_type=\"widget\" data-widget_type=\"spacer.default\">\n\t\t\t\t\t\t\t<div class=\"elementor-spacer\">\n\t\t\t<div class=\"elementor-spacer-inner\"><\/div>\n\t\t<\/div>\n\t\t\t\t\t\t<\/div>\n\t\t\t\t<div class=\"elementor-element elementor-element-563caed elementor-widget elementor-widget-image\" data-id=\"563caed\" data-element_type=\"widget\" data-widget_type=\"image.default\">\n\t\t\t\t\t\t\t\t\t\t\t\t\t\t\t<img fetchpriority=\"high\" decoding=\"async\" width=\"800\" height=\"387\" src=\"https:\/\/supplymax.net\/wp-content\/uploads\/2025\/07\/DSEY_BIG-78ab5be2-1024x495.png\" class=\"attachment-large size-large wp-image-7761\" alt=\"\" srcset=\"https:\/\/supplymax.net\/wp-content\/uploads\/2025\/07\/DSEY_BIG-78ab5be2-1024x495.png 1024w, https:\/\/supplymax.net\/wp-content\/uploads\/2025\/07\/DSEY_BIG-78ab5be2-300x145.png 300w, https:\/\/supplymax.net\/wp-content\/uploads\/2025\/07\/DSEY_BIG-78ab5be2-768x371.png 768w, https:\/\/supplymax.net\/wp-content\/uploads\/2025\/07\/DSEY_BIG-78ab5be2-1536x743.png 1536w, https:\/\/supplymax.net\/wp-content\/uploads\/2025\/07\/DSEY_BIG-78ab5be2.png 1599w\" sizes=\"(max-width: 800px) 100vw, 800px\" \/>\t\t\t\t\t\t\t\t\t\t\t\t\t\t\t<\/div>\n\t\t\t\t<div class=\"elementor-element elementor-element-330c58e elementor-widget elementor-widget-heading\" data-id=\"330c58e\" data-element_type=\"widget\" data-widget_type=\"heading.default\">\n\t\t\t\t\t<h2 class=\"elementor-heading-title elementor-size-default\">Sanitizaci\u00f3n Respaldada por Diversey<\/h2>\t\t\t\t<\/div>\n\t\t\t\t<div class=\"elementor-element elementor-element-5c5c09d elementor-widget elementor-widget-text-editor\" data-id=\"5c5c09d\" data-element_type=\"widget\" data-widget_type=\"text-editor.default\">\n\t\t\t\t\t\t\t\t\t<p>Las soluciones <strong data-start=\"114\" data-end=\"126\">Diversey<\/strong> combinan f\u00f3rmulas concentradas de eficacia cl\u00ednica, sistemas de dosificaci\u00f3n precisos y certificaciones internacionales que garantizan higiene total en hospitales, hoteles y cocinas industriales. Menos desperdicio, m\u00e1xima protecci\u00f3n y un compromiso sostenible que cuida a tu equipo, a tus clientes y al planeta.<\/p>\t\t\t\t\t\t\t\t<\/div>\n\t\t<div class=\"elementor-element elementor-element-c0bc263 e-con-full e-flex e-con e-child\" data-id=\"c0bc263\" data-element_type=\"container\">\n\t\t\t\t<div class=\"elementor-element elementor-element-808498a elementor-widget elementor-widget-spacer\" data-id=\"808498a\" data-element_type=\"widget\" data-widget_type=\"spacer.default\">\n\t\t\t\t\t\t\t<div class=\"elementor-spacer\">\n\t\t\t<div class=\"elementor-spacer-inner\"><\/div>\n\t\t<\/div>\n\t\t\t\t\t\t<\/div>\n\t\t\t\t<\/div>\n\t\t\t\t<\/div>\n\t\t\t\t\t<\/div>\n\t\t\t\t<\/div>\n\t\t<div class=\"elementor-element elementor-element-228b689 e-flex e-con-boxed e-con e-parent\" data-id=\"228b689\" data-element_type=\"container\" data-settings=\"{&quot;background_background&quot;:&quot;classic&quot;}\">\n\t\t\t\t\t<div class=\"e-con-inner\">\n\t\t<div class=\"elementor-element elementor-element-82a945c e-con-full e-flex e-con e-child\" data-id=\"82a945c\" data-element_type=\"container\">\n\t\t<div class=\"elementor-element elementor-element-2057ff0 e-con-full e-flex e-con e-child\" data-id=\"2057ff0\" data-element_type=\"container\">\n\t\t\t\t<div class=\"elementor-element elementor-element-7d0081b elementor-widget elementor-widget-spacer\" data-id=\"7d0081b\" data-element_type=\"widget\" data-widget_type=\"spacer.default\">\n\t\t\t\t\t\t\t<div class=\"elementor-spacer\">\n\t\t\t<div class=\"elementor-spacer-inner\"><\/div>\n\t\t<\/div>\n\t\t\t\t\t\t<\/div>\n\t\t\t\t<div class=\"elementor-element elementor-element-0d11d9b elementor-widget elementor-widget-image\" data-id=\"0d11d9b\" data-element_type=\"widget\" data-widget_type=\"image.default\">\n\t\t\t\t\t\t\t\t\t\t\t\t\t\t\t<img decoding=\"async\" width=\"284\" height=\"144\" src=\"https:\/\/supplymax.net\/wp-content\/uploads\/2025\/07\/El_castor_-_logotipo_600x600_crop_center-1.webp\" class=\"attachment-large size-large wp-image-7766\" alt=\"\" \/>\t\t\t\t\t\t\t\t\t\t\t\t\t\t\t<\/div>\n\t\t\t\t<div class=\"elementor-element elementor-element-08412aa elementor-widget elementor-widget-heading\" data-id=\"08412aa\" data-element_type=\"widget\" data-widget_type=\"heading.default\">\n\t\t\t\t\t<h2 class=\"elementor-heading-title elementor-size-default\">\u00datiles que Resisten, Limpieza que Trasciende<\/h2>\t\t\t\t<\/div>\n\t\t\t\t<div class=\"elementor-element elementor-element-b73b898 elementor-widget elementor-widget-text-editor\" data-id=\"b73b898\" data-element_type=\"widget\" data-widget_type=\"text-editor.default\">\n\t\t\t\t\t\t\t\t\t<p>Con la l\u00ednea <strong data-start=\"107\" data-end=\"117\">Castor<\/strong>, cada escoba industrial, mopa de microfibra y carro de mantenimiento est\u00e1 dise\u00f1ado para jornadas intensas: materiales de alto impacto, ergonom\u00eda que reduce la fatiga y codificaci\u00f3n por colores que evita la contaminaci\u00f3n cruzada. Equipos profesionales que alargan la vida \u00fatil de tu inversi\u00f3n y elevan el est\u00e1ndar de limpieza en tu operaci\u00f3n.<\/p>\t\t\t\t\t\t\t\t<\/div>\n\t\t\t\t<div class=\"elementor-element elementor-element-fc19408 elementor-widget elementor-widget-spacer\" data-id=\"fc19408\" data-element_type=\"widget\" data-widget_type=\"spacer.default\">\n\t\t\t\t\t\t\t<div class=\"elementor-spacer\">\n\t\t\t<div class=\"elementor-spacer-inner\"><\/div>\n\t\t<\/div>\n\t\t\t\t\t\t<\/div>\n\t\t\t\t<\/div>\n\t\t\t\t<\/div>\n\t\t\t\t\t<\/div>\n\t\t\t\t<\/div>\n\t\t<div class=\"elementor-element elementor-element-07fb0b1 e-flex e-con-boxed e-con e-parent\" data-id=\"07fb0b1\" data-element_type=\"container\" id=\"plataformab2b\" data-settings=\"{&quot;background_background&quot;:&quot;classic&quot;}\">\n\t\t\t\t\t<div class=\"e-con-inner\">\n\t\t<div class=\"elementor-element elementor-element-594a24f e-con-full e-flex e-con e-child\" data-id=\"594a24f\" data-element_type=\"container\">\n\t\t\t\t<div class=\"elementor-element elementor-element-417a783 elementor-widget elementor-widget-spacer\" data-id=\"417a783\" data-element_type=\"widget\" data-widget_type=\"spacer.default\">\n\t\t\t\t\t\t\t<div class=\"elementor-spacer\">\n\t\t\t<div class=\"elementor-spacer-inner\"><\/div>\n\t\t<\/div>\n\t\t\t\t\t\t<\/div>\n\t\t\t\t<div class=\"elementor-element elementor-element-a9bf051 elementor-arrows-position-inside elementor-pagination-position-outside elementor-widget elementor-widget-image-carousel\" data-id=\"a9bf051\" data-element_type=\"widget\" data-settings=\"{&quot;slides_to_show&quot;:&quot;1&quot;,&quot;navigation&quot;:&quot;both&quot;,&quot;autoplay&quot;:&quot;yes&quot;,&quot;pause_on_hover&quot;:&quot;yes&quot;,&quot;pause_on_interaction&quot;:&quot;yes&quot;,&quot;autoplay_speed&quot;:5000,&quot;infinite&quot;:&quot;yes&quot;,&quot;effect&quot;:&quot;slide&quot;,&quot;speed&quot;:500}\" data-widget_type=\"image-carousel.default\">\n\t\t\t\t\t\t\t<div class=\"elementor-image-carousel-wrapper swiper\" role=\"region\" aria-roledescription=\"carousel\" aria-label=\"Image Carousel\" dir=\"ltr\">\n\t\t\t<div class=\"elementor-image-carousel swiper-wrapper swiper-image-stretch\" aria-live=\"off\">\n\t\t\t\t\t\t\t\t<div class=\"swiper-slide\" role=\"group\" aria-roledescription=\"slide\" aria-label=\"1 of 4\"><figure class=\"swiper-slide-inner\"><img decoding=\"async\" class=\"swiper-slide-image\" src=\"https:\/\/supplymax.net\/wp-content\/uploads\/2025\/07\/Captura-de-pantalla-2025-07-14-165039.png\" alt=\"Captura de pantalla 2025-07-14 165039\" \/><\/figure><\/div><div class=\"swiper-slide\" role=\"group\" aria-roledescription=\"slide\" aria-label=\"2 of 4\"><figure class=\"swiper-slide-inner\"><img decoding=\"async\" class=\"swiper-slide-image\" src=\"https:\/\/supplymax.net\/wp-content\/uploads\/2025\/07\/Captura-de-pantalla-2025-07-14-165055-768x581.png\" alt=\"Captura de pantalla 2025-07-14 165055\" \/><\/figure><\/div><div class=\"swiper-slide\" role=\"group\" aria-roledescription=\"slide\" aria-label=\"3 of 4\"><figure class=\"swiper-slide-inner\"><img decoding=\"async\" class=\"swiper-slide-image\" src=\"https:\/\/supplymax.net\/wp-content\/uploads\/2025\/07\/Captura-de-pantalla-2025-07-14-165118-768x371.png\" alt=\"Captura de pantalla 2025-07-14 165118\" \/><\/figure><\/div><div class=\"swiper-slide\" role=\"group\" aria-roledescription=\"slide\" aria-label=\"4 of 4\"><figure class=\"swiper-slide-inner\"><img decoding=\"async\" class=\"swiper-slide-image\" src=\"https:\/\/supplymax.net\/wp-content\/uploads\/2025\/07\/Captura-de-pantalla-2025-07-14-165127-768x660.png\" alt=\"Captura de pantalla 2025-07-14 165127\" \/><\/figure><\/div>\t\t\t<\/div>\n\t\t\t\t\t\t\t\t\t\t\t\t<div class=\"elementor-swiper-button elementor-swiper-button-prev\" role=\"button\" tabindex=\"0\">\n\t\t\t\t\t\t<svg aria-hidden=\"true\" class=\"e-font-icon-svg e-eicon-chevron-left\" viewBox=\"0 0 1000 1000\" xmlns=\"http:\/\/www.w3.org\/2000\/svg\"><path d=\"M646 125C629 125 613 133 604 142L308 442C296 454 292 471 292 487 292 504 296 521 308 533L604 854C617 867 629 875 646 875 663 875 679 871 692 858 704 846 713 829 713 812 713 796 708 779 692 767L438 487 692 225C700 217 708 204 708 187 708 171 704 154 692 142 675 129 663 125 646 125Z\"><\/path><\/svg>\t\t\t\t\t<\/div>\n\t\t\t\t\t<div class=\"elementor-swiper-button elementor-swiper-button-next\" role=\"button\" tabindex=\"0\">\n\t\t\t\t\t\t<svg aria-hidden=\"true\" class=\"e-font-icon-svg e-eicon-chevron-right\" viewBox=\"0 0 1000 1000\" xmlns=\"http:\/\/www.w3.org\/2000\/svg\"><path d=\"M696 533C708 521 713 504 713 487 713 471 708 454 696 446L400 146C388 133 375 125 354 125 338 125 325 129 313 142 300 154 292 171 292 187 292 204 296 221 308 233L563 492 304 771C292 783 288 800 288 817 288 833 296 850 308 863 321 871 338 875 354 875 371 875 388 867 400 854L696 533Z\"><\/path><\/svg>\t\t\t\t\t<\/div>\n\t\t\t\t\n\t\t\t\t\t\t\t\t\t<div class=\"swiper-pagination\"><\/div>\n\t\t\t\t\t\t\t\t\t<\/div>\n\t\t\t\t\t\t<\/div>\n\t\t\t\t<\/div>\n\t\t<div class=\"elementor-element elementor-element-45b470d e-con-full e-flex e-con e-child\" data-id=\"45b470d\" data-element_type=\"container\">\n\t\t\t\t<div class=\"elementor-element elementor-element-2accb00 elementor-widget elementor-widget-spacer\" data-id=\"2accb00\" data-element_type=\"widget\" data-widget_type=\"spacer.default\">\n\t\t\t\t\t\t\t<div class=\"elementor-spacer\">\n\t\t\t<div class=\"elementor-spacer-inner\"><\/div>\n\t\t<\/div>\n\t\t\t\t\t\t<\/div>\n\t\t\t\t<div class=\"elementor-element elementor-element-2b9a4a6 elementor-widget elementor-widget-heading\" data-id=\"2b9a4a6\" data-element_type=\"widget\" data-widget_type=\"heading.default\">\n\t\t\t\t\t<h2 class=\"elementor-heading-title elementor-size-default\">Plataforma B2B: Eficiencia y Control Total para su Empresa<\/h2>\t\t\t\t<\/div>\n\t\t\t\t<div class=\"elementor-element elementor-element-050864d elementor-widget elementor-widget-text-editor\" data-id=\"050864d\" data-element_type=\"widget\" data-widget_type=\"text-editor.default\">\n\t\t\t\t\t\t\t\t\t<p>Nuestra plataforma B2B le da autonom\u00eda para optimizar su proceso de compras. Aqu\u00ed puede realizar pedidos 24\/7 con sus precios negociados, agilizar requisiciones con listas reutilizables y gestionar el ciclo completo de sus cotizaciones. Tenga control total de su operaci\u00f3n administrando sus propios usuarios, definiendo flujos de aprobaci\u00f3n y supervisando sus gastos con presupuestos mensuales. Es la herramienta definitiva para centralizar, controlar y agilizar sus compras.<\/p>\t\t\t\t\t\t\t\t<\/div>\n\t\t<div class=\"elementor-element elementor-element-fa551f2 e-con-full e-flex e-con e-child\" data-id=\"fa551f2\" data-element_type=\"container\">\n\t\t\t\t<div class=\"elementor-element elementor-element-9bc5c44 elementor-widget elementor-widget-spacer\" data-id=\"9bc5c44\" data-element_type=\"widget\" data-widget_type=\"spacer.default\">\n\t\t\t\t\t\t\t<div class=\"elementor-spacer\">\n\t\t\t<div class=\"elementor-spacer-inner\"><\/div>\n\t\t<\/div>\n\t\t\t\t\t\t<\/div>\n\t\t\t\t<\/div>\n\t\t\t\t<\/div>\n\t\t\t\t\t<\/div>\n\t\t\t\t<\/div>\n\t\t<div class=\"elementor-element elementor-element-bb64688 e-flex e-con-boxed e-con e-parent\" data-id=\"bb64688\" data-element_type=\"container\" id=\"contacto\" data-settings=\"{&quot;background_background&quot;:&quot;classic&quot;}\">\n\t\t\t\t\t<div class=\"e-con-inner\">\n\t\t\t\t\t<\/div>\n\t\t\t\t<\/div>\n\t\t<div class=\"elementor-element elementor-element-8f21614 e-flex e-con-boxed e-con e-parent\" data-id=\"8f21614\" data-element_type=\"container\">\n\t\t\t\t\t<div class=\"e-con-inner\">\n\t\t\t\t\t<\/div>\n\t\t\t\t<\/div>\n\t\t\t\t<\/div>\n\t\t","protected":false},"excerpt":{"rendered":"<p>Soluciones de Higiene y Limpieza para tu\u00a0NegocioCreamos soluciones inteligentes de higiene que reducen costos, optimizan consumos y mejoran la experiencia\u00a0del\u00a0usuario.La servilleta perfecta para tu restauranteDispensador \u2022 Cena \u2022 C\u00f3ctel \u2014 elige la que se adapta a tu estilo.Sanitiza, desengrasa y ahorra con Diversey.Qu\u00edmicos de alto desempe\u00f1o para cada superficie y proceso.Con Castor eliminas la Contaminaci\u00f3n [&hellip;]<\/p>\n","protected":false},"author":1,"featured_media":0,"parent":0,"menu_order":0,"comment_status":"closed","ping_status":"closed","template":"","meta":{"footnotes":""},"class_list":["post-7691","page","type-page","status-publish","hentry"],"_links":{"self":[{"href":"https:\/\/supplymax.net\/index.php\/wp-json\/wp\/v2\/pages\/7691","targetHints":{"allow":["GET"]}}],"collection":[{"href":"https:\/\/supplymax.net\/index.php\/wp-json\/wp\/v2\/pages"}],"about":[{"href":"https:\/\/supplymax.net\/index.php\/wp-json\/wp\/v2\/types\/page"}],"author":[{"embeddable":true,"href":"https:\/\/supplymax.net\/index.php\/wp-json\/wp\/v2\/users\/1"}],"replies":[{"embeddable":true,"href":"https:\/\/supplymax.net\/index.php\/wp-json\/wp\/v2\/comments?post=7691"}],"version-history":[{"count":244,"href":"https:\/\/supplymax.net\/index.php\/wp-json\/wp\/v2\/pages\/7691\/revisions"}],"predecessor-version":[{"id":8106,"href":"https:\/\/supplymax.net\/index.php\/wp-json\/wp\/v2\/pages\/7691\/revisions\/8106"}],"wp:attachment":[{"href":"https:\/\/supplymax.net\/index.php\/wp-json\/wp\/v2\/media?parent=7691"}],"curies":[{"name":"wp","href":"https:\/\/api.w.org\/{rel}","templated":true}]}}